{"id":281,"date":"2023-07-17T11:39:27","date_gmt":"2023-07-17T11:39:27","guid":{"rendered":"https:\/\/radioservicescloud.com\/politica-de-privacidad\/"},"modified":"2023-10-03T08:07:48","modified_gmt":"2023-10-03T08:07:48","slug":"privacy-policy","status":"publish","type":"page","link":"https:\/\/radioservicescloud.com\/en\/privacy-policy\/","title":{"rendered":"Privacy Policy"},"content":{"rendered":"<div  class=\"tatsu-hg16njf3ap3llnk5 tatsu-section  tatsu-bg-overlay   tatsu-clearfix\" data-title=\"\"  data-headerscheme=\"background--dark\"><div class='tatsu-section-pad clearfix' data-padding='{\"d\":\"30px 0px 30px 0px\"}' data-padding-top='30px'><div class=\"tatsu-row-wrap  tatsu-wrap tatsu-row-one-col tatsu-row-has-one-cols tatsu-medium-gutter tatsu-reg-cols  tatsu-clearfix tatsu-hg16njf3cgcxyz80\" ><div  class=\"tatsu-row \" ><div  class=\"tatsu-column  tatsu-bg-overlay tatsu-one-col tatsu-column-image-none tatsu-column-effect-none  tatsu-hg16njf3e1dgwlsv\"  data-parallax-speed=\"0\" style=\"\"><div class=\"tatsu-column-inner \" ><div class=\"tatsu-column-pad-wrap\"><div class=\"tatsu-column-pad\" ><div  class=\"tatsu-module tatsu-text-block-wrap tatsu-hg16njf3fk3h94s3  \"><div class=\"tatsu-text-inner tatsu-align-center  clearfix\" ><style>.tatsu-hg16njf3fk3h94s3.tatsu-text-block-wrap .tatsu-text-inner{width: 100%;text-align: left;}<\/style><p><\/p>\r\n<h2 class=\"wp-block-heading\" style=\"text-align: center;\">Pol\u00edtica de privacidad<\/h2>\r\n<p><\/p><\/div><\/div><div  class=\"tatsu-module tatsu-text-block-wrap tatsu-HkUqRMJCn  \"><div class=\"tatsu-text-inner tatsu-align-center  clearfix\" ><style>.tatsu-HkUqRMJCn.tatsu-text-block-wrap .tatsu-text-inner{width: 100%;text-align: left;}<\/style><p>Pol\u00edtica de Privacidad RADIO SERVICES IN CLOUD SL (RSC)<\/p>\r\n<p><strong>AVISO DE PRIVACIDAD<\/strong><\/p>\r\n<p>RADIO SERVICES in CLOUD SL, en adelante RSC, con domicilio social en Avenida de la Victoria 25 Madrid 28023, CIF B-72491343 es el responsable de tratamiento de informaci\u00f3n que recibe o recaba por s\u00ed misma, a trav\u00e9s de la aplicaci\u00f3n RSC o de la p\u00e1gina web.<\/p>\r\n<p><strong>AVISO DE COOKIES<\/strong><\/p>\r\n<p>RSC no utiliza cookies de uso en sus aplicaciones o en su p\u00e1gina web.<\/p>\r\n<p><strong>COMUNICACIONES ELECTR\u00d3NICAS<\/strong><\/p>\r\n<p>En el caso de que un usuario se haya dirigido a nosotros mediante e-mail, recibir\u00e1 la contestaci\u00f3n por el mismo medio.<\/p>\r\n<p><strong>DERECHOS DE AUTOR<\/strong><\/p>\r\n<p>El contenido de las aplicaciones y pagina web de RSC, gr\u00e1ficos, logotipos, im\u00e1genes, clips de audio, descargas digitales, bases de datos y software, es propiedad de RSC o de sus proveedores de contenido y est\u00e1 protegido por las leyes de Espa\u00f1a y otras leyes internacionales que regulan los derechos de autor.<\/p>\r\n<p>La recopilaci\u00f3n de todo el contenido incluido en o puesto a disposici\u00f3n a trav\u00e9s de cualquier Servicio de RSC est\u00e1 protegido por las leyes de Espa\u00f1a y otras leyes internacionales que regulan los derechos de autor.<\/p>\r\n<p>El software utilizado por RSC es propiedad de RSC o de sus proveedores de software, y est\u00e1 protegido por las leyes de Espa\u00f1a y otras leyes internacionales que regulan los derechos de autor.<\/p>\r\n<p><strong>MARCAS REGISTRADAS<\/strong><\/p>\r\n<p>RADIO SERVICES in CLOUD SL (RSC) es una sociedad registrada en el registro mercantil de Madrid en el 44065, folio 1, inscripci\u00f3n 1 con hoja M-777258.<\/p>\r\n<p><strong>PATENTES<\/strong><\/p>\r\n<p>El software inform\u00e1tico utilizado por RSC est\u00e1 solicitado su registro en la oficina de patentes y marcas de los Estados Unidos.<\/p>\r\n<p><strong>LICENCIA Y ACCESO<\/strong><\/p>\r\n<p>Sujeto al cumplimiento de estas Condiciones de uso, RSC permite acceder y hacer uso personal de la aplicaci\u00f3n o p\u00e1gina web de RSC, pero no para descargar (a excepci\u00f3n de las descargas en cach\u00e9) o modificar parte o la totalidad de su contenido, excepto si dispone del expreso consentimiento por escrito de RSC.<\/p>\r\n<p>Este permiso no incluye la reventa ni el uso comercial de cualquier Servicio de RSC ni de sus contenidos, ni el uso de herramientas o robots de b\u00fasqueda y extracci\u00f3n de datos.<\/p>\r\n<p>No est\u00e1 permitida la reproducci\u00f3n, duplicado, copia, venta, reventa, visita ni explotaci\u00f3n de ninguna forma de la totalidad de cualquier Servicio de RSC ni de parte de este con fines comerciales sin nuestro consentimiento previo y por escrito.<\/p>\r\n<p><strong>RECLAMACIONES SOBRE DERECHOS DE AUTOR<\/strong><\/p>\r\n<p>RSC respeta la propiedad intelectual de terceros. Cualquiera que crea sus obras han sido copiadas de un modo que constituye una violaci\u00f3n de derechos de autor, le rogamos que siga nuestro sistema de Notificaci\u00f3n y Procedimiento para Reclamaciones Relativas a Infracciones de Derechos de Autor, enviando un email a <a href=\"mailto:comercial@radioservicescloud.com\">comercial@radioservicescloud.com<\/a><\/p>\r\n<p><strong>DESCRIPCI\u00d3N DE SERVICIOS<\/strong><\/p>\r\n<p>Los servicios de RSC permiten la reproducci\u00f3n de emisiones digitales de radio en cualquier dispositivo digital (m\u00f3vil, Tablet, PC, \u00a0Amazon Alexa) , y la posibilidad de acceder a contenidos digitales tanto en directo como ya emitidos anteriormente.<\/p>\r\n<p>La antig\u00fcedad de las emisiones digitales pret\u00e9ritas puede ser variable, y ser\u00e1 acordada con RSC para cada emisi\u00f3n digital.<\/p>\r\n<p><strong>PROHIBICI\u00d3N DE INGENIER\u00cdA INVERSA. <\/strong><\/p>\r\n<p>El usuario de las aplicaciones RSC o\u00a0 web RSC, nunca fomentar\u00e1, ni ayudar\u00e1, ni autorizar\u00e1 a ninguna otra persona a que copie, modifique, realice ingenier\u00eda inversa, descompile o desmonte o de otra manera manipule el Software de RSC, ni total ni parcialmente, o cree cualquier trabajo derivado a partir del Software de RSC.<\/p>\r\n<p><strong>ACTUALIZACIONES. <\/strong><\/p>\r\n<p>Con el fin de mantener el Software de las aplicaciones de RSC, podremos ofrecer actualizaciones autom\u00e1ticas o manuales en cualquier momento y sin necesidad de que le avisemos previamente.<\/p><\/div><\/div><\/div><\/div><div class = \"tatsu-column-bg-image-wrap\"><div class = \"tatsu-column-bg-image\" ><\/div><\/div><div class=\"tatsu-overlay tatsu-column-overlay tatsu-animate-none\" ><\/div><\/div><style>.tatsu-row > .tatsu-hg16njf3e1dgwlsv.tatsu-column{width: 100%;}.tatsu-hg16njf3e1dgwlsv.tatsu-column > .tatsu-column-inner > .tatsu-column-overlay{mix-blend-mode: normal;}.tatsu-hg16njf3e1dgwlsv > .tatsu-column-inner > .tatsu-top-divider{z-index: 9999;}.tatsu-hg16njf3e1dgwlsv > .tatsu-column-inner > .tatsu-bottom-divider{z-index: 9999;}.tatsu-hg16njf3e1dgwlsv > .tatsu-column-inner > .tatsu-left-divider{z-index: 9999;}.tatsu-hg16njf3e1dgwlsv > .tatsu-column-inner > .tatsu-right-divider{z-index: 9999;}<\/style><\/div><\/div><\/div><\/div><div class=\"tatsu-section-background-wrap\"><div class = \"tatsu-section-background\" ><\/div><\/div><div class=\"tatsu-overlay tatsu-section-overlay\"><\/div><style>.tatsu-hg16njf3ap3llnk5 .tatsu-section-pad{padding: 30px 0px 30px 0px;}.tatsu-hg16njf3ap3llnk5 > .tatsu-bottom-divider{z-index: 9999;}.tatsu-hg16njf3ap3llnk5 > .tatsu-top-divider{z-index: 9999;}.tatsu-hg16njf3ap3llnk5 .tatsu-section-overlay{mix-blend-mode: normal;}<\/style><\/div>","protected":false},"excerpt":{"rendered":"<p><a href=\"https:\/\/radioservicescloud.com\/en\/privacy-policy\/\" class=\"more-link style1-button\">Read More<\/a><\/p>","protected":false},"author":1,"featured_media":0,"parent":0,"menu_order":0,"comment_status":"closed","ping_status":"open","template":"","meta":{"footnotes":""},"class_list":["post-281","page","type-page","status-publish","hentry"],"_links":{"self":[{"href":"https:\/\/radioservicescloud.com\/en\/wp-json\/wp\/v2\/pages\/281","targetHints":{"allow":["GET"]}}],"collection":[{"href":"https:\/\/radioservicescloud.com\/en\/wp-json\/wp\/v2\/pages"}],"about":[{"href":"https:\/\/radioservicescloud.com\/en\/wp-json\/wp\/v2\/types\/page"}],"author":[{"embeddable":true,"href":"https:\/\/radioservicescloud.com\/en\/wp-json\/wp\/v2\/users\/1"}],"replies":[{"embeddable":true,"href":"https:\/\/radioservicescloud.com\/en\/wp-json\/wp\/v2\/comments?post=281"}],"version-history":[{"count":1,"href":"https:\/\/radioservicescloud.com\/en\/wp-json\/wp\/v2\/pages\/281\/revisions"}],"predecessor-version":[{"id":283,"href":"https:\/\/radioservicescloud.com\/en\/wp-json\/wp\/v2\/pages\/281\/revisions\/283"}],"wp:attachment":[{"href":"https:\/\/radioservicescloud.com\/en\/wp-json\/wp\/v2\/media?parent=281"}],"curies":[{"name":"wp","href":"https:\/\/api.w.org\/{rel}","templated":true}]}}